{"id":6420,"date":"2026-02-19T14:58:55","date_gmt":"2026-02-19T19:58:55","guid":{"rendered":"https:\/\/www.terrassementeuro.com\/about\/"},"modified":"2026-02-19T14:59:50","modified_gmt":"2026-02-19T19:59:50","slug":"about","status":"publish","type":"page","link":"https:\/\/www.terrassementeuro.com\/en\/about\/","title":{"rendered":"About"},"content":{"rendered":"<p><div class=\"fusion-bg-parallax\" data-bg-align=\"right center\" data-direction=\"up\" data-mute=\"false\" data-opacity=\"100\" data-velocity=\"-0.3\" data-mobile-enabled=\"false\" data-break_parents=\"0\" data-bg-image=\"https:\/\/www.terrassementeuro.com\/wp-content\/uploads\/2025\/03\/bg-amenagement-paysager-montreal-rive-sud.webp\" data-bg-repeat=\"false\" data-bg-color-small=\"rgba(41,41,42,0.65)\" data-bg-image-small=\"https:\/\/www.terrassementeuro.com\/wp-content\/uploads\/2025\/01\/terrassement-euro-paysagiste-1.webp\" ><\/div><div class=\"fusion-fullwidth fullwidth-box fusion-builder-row-1 fusion-flex-container has-pattern-background has-mask-background fusion-parallax-up nonhundred-percent-fullwidth non-hundred-percent-height-scrolling lazyload\" style=\"--awb-background-position:right center;--awb-border-sizes-top:0px;--awb-border-sizes-bottom:0px;--awb-border-sizes-left:0px;--awb-border-sizes-right:0px;--awb-border-radius-top-left:0px;--awb-border-radius-top-right:0px;--awb-border-radius-bottom-right:0px;--awb-border-radius-bottom-left:0px;--awb-padding-top:130px;--awb-padding-bottom:120px;--awb-padding-top-small:75px;--awb-padding-bottom-small:75px;--awb-background-color-small:rgba(41,41,42,0.65);--awb-background-size:cover;--awb-flex-wrap:wrap;\" data-bg=\"https:\/\/www.terrassementeuro.com\/wp-content\/uploads\/2025\/03\/bg-amenagement-paysager-montreal-rive-sud.webp\" data-fusion-responsive-bg=\"1\" data-bg-small=\"https:\/\/www.terrassementeuro.com\/wp-content\/uploads\/2025\/01\/terrassement-euro-paysagiste-1.webp\" ><div class=\"fusion-builder-row fusion-row fusion-flex-align-items-flex-start fusion-flex-content-wrap\" style=\"max-width:1248px;margin-left: calc(-4% \/ 2 );margin-right: calc(-4% \/ 2 );\"><div class=\"fusion-layout-column fusion_builder_column fusion-builder-column-0 fusion_builder_column_1_2 1_2 fusion-flex-column\" style=\"--awb-bg-blend:overlay;--awb-bg-size:cover;--awb-width-large:50%;--awb-margin-top-large:0px;--awb-spacing-right-large:3.84%;--awb-margin-bottom-large:20px;--awb-spacing-left-large:3.84%;--awb-width-medium:100%;--awb-spacing-right-medium:1.92%;--awb-spacing-left-medium:1.92%;--awb-width-small:100%;--awb-spacing-right-small:1.92%;--awb-spacing-left-small:1.92%;\"><div class=\"fusion-column-wrapper fusion-flex-justify-content-flex-start fusion-content-layout-column\"><div class=\"fusion-title title fusion-title-1 fusion-sep-none fusion-title-text fusion-title-size-one\" style=\"--awb-text-color:var(--awb-color1);--awb-margin-bottom:20px;--awb-margin-top-small:0px;--awb-margin-right-small:0px;--awb-margin-bottom-small:20px;--awb-margin-left-small:0px;--awb-font-size:26px;\"><h1 class=\"fusion-title-heading title-heading-left\" style=\"margin:0;text-transform:uppercase;font-size:1em;line-height:1.1;\">About <strong>Terrassement Euro<\/strong><\/h1><\/div><div class=\"fusion-title title fusion-title-2 fusion-sep-none fusion-title-text fusion-title-size-two\" style=\"--awb-text-color:#edb45e;--awb-margin-bottom:10px;--awb-margin-top-small:0px;--awb-margin-right-small:0px;--awb-margin-bottom-small:20px;--awb-margin-left-small:0px;--awb-font-size:22px;\"><h2 class=\"fusion-title-heading title-heading-left\" style=\"margin:0;text-transform:uppercase;font-size:1em;line-height:1.1;\">Our company<\/h2><\/div><div class=\"fusion-text fusion-text-1 fusion-text-no-margin\" style=\"--awb-text-color:var(--awb-color1);--awb-margin-bottom:0px;\"><p>Founded in 1996, Terrassement Euro Inc. is a company specializing in landscaping and turnkey paving stone installation on Montreal&#8217;s South Shore and in Greater Montreal.<\/p>\n<p>Nous r\u00e9alisons des projets r\u00e9sidentiels et commerciaux durables, con\u00e7us pour traverser le temps.<\/p>\n<\/div><div class=\"fusion-separator fusion-full-width-sep\" style=\"align-self: center;margin-left: auto;margin-right: auto;margin-top:20px;width:100%;\"><\/div><\/div><\/div><\/div><\/div><div class=\"fusion-fullwidth fullwidth-box fusion-builder-row-2 fusion-flex-container nonhundred-percent-fullwidth non-hundred-percent-height-scrolling\" style=\"--awb-background-position:left top;--awb-border-sizes-top:0px;--awb-border-sizes-bottom:0px;--awb-border-sizes-left:0px;--awb-border-sizes-right:0px;--awb-border-radius-top-left:0px;--awb-border-radius-top-right:0px;--awb-border-radius-bottom-right:0px;--awb-border-radius-bottom-left:0px;--awb-padding-top:110px;--awb-padding-bottom:50px;--awb-padding-top-medium:61px;--awb-padding-bottom-medium:60px;--awb-padding-top-small:50px;--awb-padding-bottom-small:30px;--awb-flex-wrap:wrap;\" ><div class=\"fusion-builder-row fusion-row fusion-flex-align-items-center fusion-flex-content-wrap\" style=\"max-width:1248px;margin-left: calc(-4% \/ 2 );margin-right: calc(-4% \/ 2 );\"><div class=\"fusion-layout-column fusion_builder_column fusion-builder-column-1 fusion_builder_column_2_5 2_5 fusion-flex-column fusion-animated\" style=\"--awb-bg-blend:overlay;--awb-bg-size:cover;--awb-width-large:40%;--awb-margin-top-large:0px;--awb-spacing-right-large:4.8%;--awb-margin-bottom-large:20px;--awb-spacing-left-large:4.8%;--awb-width-medium:100%;--awb-order-medium:0;--awb-spacing-right-medium:1.92%;--awb-margin-bottom-medium:60px;--awb-spacing-left-medium:1.92%;--awb-width-small:100%;--awb-order-small:0;--awb-spacing-right-small:1.92%;--awb-spacing-left-small:1.92%;\" data-animationType=\"fadeInLeft\" data-animationDuration=\"1.5\" data-animationOffset=\"top-into-view\" data-scroll-devices=\"small-visibility,medium-visibility,large-visibility\"><div class=\"fusion-column-wrapper fusion-column-has-shadow fusion-flex-justify-content-flex-start fusion-content-layout-column\"><div class=\"fusion-title title fusion-title-3 fusion-sep-none fusion-title-text fusion-title-size-two\" style=\"--awb-text-color:var(--awb-color5);--awb-margin-right:5%;--awb-margin-bottom:35px;--awb-margin-top-small:0px;--awb-margin-right-small:0px;--awb-margin-bottom-small:20px;--awb-margin-left-small:0px;\"><h2 class=\"fusion-title-heading title-heading-left\" style=\"margin:0;text-transform:uppercase;\">Our expertise<\/h2><\/div><div class=\"fusion-separator fusion-full-width-sep\" style=\"align-self: center;margin-left: auto;margin-right: auto;margin-top:-20px;width:100%;\"><\/div><div class=\"fusion-text fusion-text-2\" style=\"--awb-content-alignment:left;--awb-text-color:var(--awb-color8);--awb-margin-right:5%;\"><p>We mainly work on:<\/p>\n<ul>\n<li>Paving stones (driveways, patios, pool surrounds)<br \/>\nResidential asphalting<br \/>\nExcavation and land leveling<br \/>\nRetaining walls and steps<br \/>\nPlanting and complete landscaping<\/li>\n<\/ul>\n<p>Each project is carried out according to rigorous standards, using manufacturer-certified materials.<\/p>\n<\/div><div class=\"fusion-title title fusion-title-4 fusion-sep-none fusion-title-text fusion-title-size-two\" style=\"--awb-text-color:var(--awb-color5);--awb-margin-top:20px;--awb-margin-right:5%;--awb-margin-bottom:10px;--awb-margin-top-small:0px;--awb-margin-right-small:0px;--awb-margin-bottom-small:20px;--awb-margin-left-small:0px;\"><h2 class=\"fusion-title-heading title-heading-left\" style=\"margin:0;text-transform:uppercase;\">Our commitment<\/h2><\/div><div class=\"fusion-text fusion-text-3\" style=\"--awb-content-alignment:left;--awb-text-color:var(--awb-color8);--awb-margin-right:5%;\"><ul>\n<li>3-year written warranty<\/li>\n<li>No deposit required before work begins<\/li>\n<li>Valid RBQ license<\/li>\n<li>APCHQ \/ CCQ member<\/li>\n<li>Over 25 years of field experienceOur priority is quality workmanship and long-term satisfaction.<\/li>\n<\/ul>\n<\/div><div ><a class=\"fusion-button button-flat fusion-button-default-size button-custom fusion-button-default button-1 fusion-button-default-span fusion-button-default-type\" style=\"--button_accent_color:#ffffff;--button_border_color:hsla(var(--awb-color1-h),var(--awb-color1-s),var(--awb-color1-l),calc(var(--awb-color1-a) - 61%));--button_accent_hover_color:#ffffff;--button_border_hover_color:#ffffff;--button_border_width-top:1px;--button_border_width-right:1px;--button_border_width-bottom:1px;--button_border_width-left:1px;--button-border-radius-top-left:20px;--button-border-radius-top-right:20px;--button-border-radius-bottom-right:20px;--button-border-radius-bottom-left:20px;--button_gradient_top_color:var(--awb-color5);--button_gradient_bottom_color:var(--awb-color5);--button_gradient_top_color_hover:var(--awb-color6);--button_gradient_bottom_color_hover:var(--awb-color6);--button_font_size:17px;--button_padding-top:15px;--button_padding-right:22px;--button_padding-bottom:15px;--button_padding-left:22px;--button_typography-font-family:&quot;Raleway&quot;;--button_typography-font-style:normal;--button_typography-font-weight:600;--button_margin-top:20px;\" target=\"_self\" href=\"https:\/\/www.terrassementeuro.com\/en\/contact-us\/\"><span class=\"fusion-button-text awb-button__text awb-button__text--default\">CONTACT US<\/span><\/a><\/div><\/div><\/div><div class=\"fusion-layout-column fusion_builder_column fusion-builder-column-2 fusion_builder_column_3_5 3_5 fusion-flex-column fusion-animated\" style=\"--awb-bg-blend:overlay;--awb-bg-size:cover;--awb-width-large:60%;--awb-margin-top-large:0px;--awb-spacing-right-large:3.2%;--awb-margin-bottom-large:20px;--awb-spacing-left-large:3.2%;--awb-width-medium:100%;--awb-spacing-right-medium:1.92%;--awb-spacing-left-medium:1.92%;--awb-width-small:100%;--awb-spacing-right-small:1.92%;--awb-spacing-left-small:1.92%;\" data-animationType=\"fadeInRight\" data-animationDuration=\"1.5\" data-animationOffset=\"top-into-view\"><div class=\"fusion-column-wrapper fusion-flex-justify-content-flex-start fusion-content-layout-column\"><div class=\"fusion-image-element \" style=\"--awb-caption-title-font-family:var(--h2_typography-font-family);--awb-caption-title-font-weight:var(--h2_typography-font-weight);--awb-caption-title-font-style:var(--h2_typography-font-style);--awb-caption-title-size:var(--h2_typography-font-size);--awb-caption-title-transform:var(--h2_typography-text-transform);--awb-caption-title-line-height:var(--h2_typography-line-height);--awb-caption-title-letter-spacing:var(--h2_typography-letter-spacing);\"><span class=\" fusion-imageframe imageframe-none imageframe-1 hover-type-zoomin\"><a href=\"https:\/\/www.terrassementeuro.com\/wp-content\/uploads\/2025\/03\/maison-moderne-piscine-amenagement-paysager-rive-sud-montreal.webp\" class=\"fusion-lightbox\" data-rel=\"iLightbox[5efd779deac5036aead]\" data-title=\"maison-moderne-piscine-amenagement-paysager-rive-sud-montreal\" title=\"maison-moderne-piscine-amenagement-paysager-rive-sud-montreal\"><img decoding=\"async\" width=\"1200\" height=\"1200\" alt=\"Vue a\u00e9rienne d&#039;une maison moderne avec piscine creus\u00e9e et terrasse en verre sur la Rive-Sud de Montr\u00e9al. Am\u00e9nagement paysager avec dalles en b\u00e9ton, mobilier ext\u00e9rieur et verdure luxuriante.\" src=\"https:\/\/www.terrassementeuro.com\/wp-content\/uploads\/2025\/03\/maison-moderne-piscine-amenagement-paysager-rive-sud-montreal.webp\" data-orig-src=\"https:\/\/www.terrassementeuro.com\/wp-content\/uploads\/2025\/03\/maison-moderne-piscine-amenagement-paysager-rive-sud-montreal.webp\" class=\"lazyload img-responsive wp-image-6208\" srcset=\"data:image\/svg+xml,%3Csvg%20xmlns%3D%27http%3A%2F%2Fwww.w3.org%2F2000%2Fsvg%27%20width%3D%271200%27%20height%3D%271200%27%20viewBox%3D%270%200%201200%201200%27%3E%3Crect%20width%3D%271200%27%20height%3D%271200%27%20fill-opacity%3D%220%22%2F%3E%3C%2Fsvg%3E\" data-srcset=\"https:\/\/www.terrassementeuro.com\/wp-content\/uploads\/2025\/03\/maison-moderne-piscine-amenagement-paysager-rive-sud-montreal-200x200.webp 200w, https:\/\/www.terrassementeuro.com\/wp-content\/uploads\/2025\/03\/maison-moderne-piscine-amenagement-paysager-rive-sud-montreal-400x400.webp 400w, https:\/\/www.terrassementeuro.com\/wp-content\/uploads\/2025\/03\/maison-moderne-piscine-amenagement-paysager-rive-sud-montreal-600x600.webp 600w, https:\/\/www.terrassementeuro.com\/wp-content\/uploads\/2025\/03\/maison-moderne-piscine-amenagement-paysager-rive-sud-montreal-800x800.webp 800w, https:\/\/www.terrassementeuro.com\/wp-content\/uploads\/2025\/03\/maison-moderne-piscine-amenagement-paysager-rive-sud-montreal.webp 1200w\" data-sizes=\"auto\" data-orig-sizes=\"(max-width: 1024px) 100vw, (max-width: 640px) 100vw, 800px\" \/><\/a><\/span><\/div><\/div><\/div><\/div><\/div><div class=\"fusion-fullwidth fullwidth-box fusion-builder-row-3 fusion-flex-container nonhundred-percent-fullwidth non-hundred-percent-height-scrolling\" style=\"--awb-border-sizes-top:0px;--awb-border-sizes-bottom:0px;--awb-border-sizes-left:0px;--awb-border-sizes-right:0px;--awb-border-radius-top-left:0px;--awb-border-radius-top-right:0px;--awb-border-radius-bottom-right:0px;--awb-border-radius-bottom-left:0px;--awb-padding-top:45px;--awb-padding-bottom:100px;--awb-padding-bottom-medium:72px;--awb-padding-top-small:40px;--awb-padding-bottom-small:40px;--awb-background-color:var(--awb-color1);--awb-flex-wrap:wrap;\" ><div class=\"fusion-builder-row fusion-row fusion-flex-align-items-flex-start fusion-flex-content-wrap\" style=\"max-width:1248px;margin-left: calc(-4% \/ 2 );margin-right: calc(-4% \/ 2 );\"><div class=\"fusion-layout-column fusion_builder_column fusion-builder-column-3 fusion_builder_column_2_3 2_3 fusion-flex-column\" style=\"--awb-padding-top:20px;--awb-bg-blend:overlay;--awb-bg-size:cover;--awb-width-large:66.666666666667%;--awb-margin-top-large:0px;--awb-spacing-right-large:7.2%;--awb-margin-bottom-large:0px;--awb-spacing-left-large:7.2%;--awb-width-medium:60%;--awb-spacing-right-medium:8%;--awb-spacing-left-medium:8%;--awb-width-small:100%;--awb-spacing-right-small:4.8%;--awb-spacing-left-small:4.8%;\"><div class=\"fusion-column-wrapper fusion-flex-justify-content-flex-start fusion-content-layout-column\"><div class=\"fusion-title title fusion-title-5 fusion-sep-none fusion-title-text fusion-title-size-two\" style=\"--awb-text-color:var(--awb-color5);--awb-margin-right:5%;--awb-margin-bottom:10px;--awb-margin-top-small:0px;--awb-margin-right-small:0px;--awb-margin-bottom-small:20px;--awb-margin-left-small:0px;\"><h2 class=\"fusion-title-heading title-heading-left\" style=\"margin:0;text-transform:uppercase;\">Service area<\/h2><\/div><div class=\"fusion-text fusion-text-4 sm-text-align-center\" style=\"--awb-font-size:20px;--awb-line-height:var(--awb-typography2-line-height);--awb-letter-spacing:var(--awb-typography2-letter-spacing);--awb-text-transform:var(--awb-typography2-text-transform);--awb-text-color:var(--awb-color7);--awb-margin-top:0px;--awb-text-font-family:&quot;Raleway&quot;;--awb-text-font-style:normal;--awb-text-font-weight:400;\"><p><strong>We serve the following areas:<\/strong><\/p>\n<p>Brossard, Longueuil, Saint-Hubert, Boucherville, Candiac, La Prairie, Saint-Bruno, Laval, and certain areas of Montreal.<\/p>\n<\/div><\/div><\/div><div class=\"fusion-layout-column fusion_builder_column fusion-builder-column-4 fusion_builder_column_1_3 1_3 fusion-flex-column fusion-flex-align-self-center fusion-no-small-visibility\" style=\"--awb-bg-position:right center;--awb-bg-blend:overlay;--awb-bg-size:cover;--awb-border-color:var(--awb-custom13);--awb-border-left:2px;--awb-border-style:solid;--awb-width-large:33.333333333333%;--awb-margin-top-large:0px;--awb-spacing-right-large:8.64%;--awb-margin-bottom-large:0px;--awb-spacing-left-large:0%;--awb-width-medium:40%;--awb-spacing-right-medium:7.2%;--awb-spacing-left-medium:0%;--awb-width-small:100%;--awb-spacing-right-small:1.92%;--awb-spacing-left-small:1.92%;\"><div class=\"fusion-column-wrapper fusion-flex-justify-content-flex-start fusion-content-layout-column\"><div style=\"text-align:right;\"><a class=\"fusion-button button-flat fusion-button-default-size button-custom fusion-button-default button-2 fusion-button-default-span fusion-button-default-type fusion-no-small-visibility\" style=\"--button_accent_color:#ffffff;--button_border_color:hsla(var(--awb-color1-h),var(--awb-color1-s),var(--awb-color1-l),calc(var(--awb-color1-a) - 61%));--button_accent_hover_color:#ffffff;--button_border_hover_color:#ffffff;--button_border_width-top:1px;--button_border_width-right:1px;--button_border_width-bottom:1px;--button_border_width-left:1px;--button-border-radius-top-left:20px;--button-border-radius-top-right:20px;--button-border-radius-bottom-right:20px;--button-border-radius-bottom-left:20px;--button_gradient_top_color:var(--awb-color5);--button_gradient_bottom_color:var(--awb-color5);--button_gradient_top_color_hover:var(--awb-color6);--button_gradient_bottom_color_hover:var(--awb-color6);--button_font_size:17px;--button_padding-top:15px;--button_padding-right:22px;--button_padding-bottom:15px;--button_padding-left:22px;--button_typography-font-family:&quot;Raleway&quot;;--button_typography-font-style:normal;--button_typography-font-weight:600;\" target=\"_self\" href=\"https:\/\/www.terrassementeuro.com\/en\/photos-of-landscaping-projects\/\"><span class=\"fusion-button-text awb-button__text awb-button__text--default\">Discover our achievements<\/span><\/a><\/div><div class=\"sm-text-align-center\" style=\"text-align:right;\"><a class=\"fusion-button button-flat fusion-button-default-size button-custom fusion-button-default button-3 fusion-button-default-span fusion-button-default-type fusion-no-medium-visibility fusion-no-large-visibility\" style=\"--button_accent_color:#ffffff;--button_border_color:hsla(var(--awb-color1-h),var(--awb-color1-s),var(--awb-color1-l),calc(var(--awb-color1-a) - 61%));--button_accent_hover_color:#ffffff;--button_border_hover_color:#ffffff;--button_border_width-top:1px;--button_border_width-right:1px;--button_border_width-bottom:1px;--button_border_width-left:1px;--button-border-radius-top-left:20px;--button-border-radius-top-right:20px;--button-border-radius-bottom-right:20px;--button-border-radius-bottom-left:20px;--button_gradient_top_color:var(--awb-color5);--button_gradient_bottom_color:var(--awb-color5);--button_gradient_top_color_hover:var(--awb-color6);--button_gradient_bottom_color_hover:var(--awb-color6);--button_font_size:17px;--button_padding-top:15px;--button_padding-right:22px;--button_padding-bottom:15px;--button_padding-left:22px;--button_typography-font-family:&quot;Raleway&quot;;--button_typography-font-style:normal;--button_typography-font-weight:600;\" target=\"_self\" href=\"https:\/\/www.terrassementeuro.com\/en\/photos-of-landscaping-projects\/\"><span class=\"fusion-button-text awb-button__text awb-button__text--default\">Discover our achievements<\/span><\/a><\/div><\/div><\/div><div class=\"fusion-layout-column fusion_builder_column fusion-builder-column-5 fusion_builder_column_1_3 1_3 fusion-flex-column fusion-flex-align-self-center fusion-no-medium-visibility fusion-no-large-visibility\" style=\"--awb-bg-position:right center;--awb-bg-blend:overlay;--awb-bg-size:cover;--awb-border-color:var(--awb-color2);--awb-border-left:0px;--awb-border-style:solid;--awb-width-large:33.333333333333%;--awb-margin-top-large:0px;--awb-spacing-right-large:8.64%;--awb-margin-bottom-large:0px;--awb-spacing-left-large:0%;--awb-width-medium:40%;--awb-spacing-right-medium:7.2%;--awb-spacing-left-medium:0%;--awb-width-small:100%;--awb-spacing-right-small:1.92%;--awb-spacing-left-small:1.92%;\"><div class=\"fusion-column-wrapper fusion-flex-justify-content-flex-start fusion-content-layout-column\"><div style=\"text-align:right;\"><a class=\"fusion-button button-flat fusion-button-default-size button-custom fusion-button-default button-4 fusion-button-default-span fusion-button-default-type fusion-no-small-visibility\" style=\"--button_accent_color:#ffffff;--button_border_color:hsla(var(--awb-color1-h),var(--awb-color1-s),var(--awb-color1-l),calc(var(--awb-color1-a) - 61%));--button_accent_hover_color:#ffffff;--button_border_hover_color:#ffffff;--button_border_width-top:1px;--button_border_width-right:1px;--button_border_width-bottom:1px;--button_border_width-left:1px;--button-border-radius-top-left:20px;--button-border-radius-top-right:20px;--button-border-radius-bottom-right:20px;--button-border-radius-bottom-left:20px;--button_gradient_top_color:var(--awb-color5);--button_gradient_bottom_color:var(--awb-color5);--button_gradient_top_color_hover:var(--awb-color6);--button_gradient_bottom_color_hover:var(--awb-color6);--button_font_size:17px;--button_padding-top:15px;--button_padding-right:22px;--button_padding-bottom:15px;--button_padding-left:22px;--button_typography-font-family:&quot;Raleway&quot;;--button_typography-font-style:normal;--button_typography-font-weight:600;\" target=\"_self\" href=\"https:\/\/www.terrassementeuro.com\/en\/photos-of-landscaping-projects\/\"><span class=\"fusion-button-text awb-button__text awb-button__text--default\">Discover our achievements<\/span><\/a><\/div><div class=\"sm-text-align-center\" style=\"text-align:right;\"><a class=\"fusion-button button-flat fusion-button-default-size button-custom fusion-button-default button-5 fusion-button-default-span fusion-button-default-type fusion-no-medium-visibility fusion-no-large-visibility\" style=\"--button_accent_color:#ffffff;--button_border_color:hsla(var(--awb-color1-h),var(--awb-color1-s),var(--awb-color1-l),calc(var(--awb-color1-a) - 61%));--button_accent_hover_color:#ffffff;--button_border_hover_color:#ffffff;--button_border_width-top:1px;--button_border_width-right:1px;--button_border_width-bottom:1px;--button_border_width-left:1px;--button-border-radius-top-left:20px;--button-border-radius-top-right:20px;--button-border-radius-bottom-right:20px;--button-border-radius-bottom-left:20px;--button_gradient_top_color:var(--awb-color5);--button_gradient_bottom_color:var(--awb-color5);--button_gradient_top_color_hover:var(--awb-color6);--button_gradient_bottom_color_hover:var(--awb-color6);--button_font_size:17px;--button_padding-top:15px;--button_padding-right:22px;--button_padding-bottom:15px;--button_padding-left:22px;--button_typography-font-family:&quot;Raleway&quot;;--button_typography-font-style:normal;--button_typography-font-weight:600;\" target=\"_self\" href=\"https:\/\/www.terrassementeuro.com\/en\/photos-of-landscaping-projects\/\"><span class=\"fusion-button-text awb-button__text awb-button__text--default\">Discover our achievements<\/span><\/a><\/div><\/div><\/div><\/div><\/div><\/p>\n","protected":false},"excerpt":{"rendered":"","protected":false},"author":9,"featured_media":0,"parent":0,"menu_order":0,"comment_status":"closed","ping_status":"closed","template":"100-width.php","meta":{"footnotes":""},"class_list":["post-6420","page","type-page","status-publish","hentry"],"_links":{"self":[{"href":"https:\/\/www.terrassementeuro.com\/en\/wp-json\/wp\/v2\/pages\/6420","targetHints":{"allow":["GET"]}}],"collection":[{"href":"https:\/\/www.terrassementeuro.com\/en\/wp-json\/wp\/v2\/pages"}],"about":[{"href":"https:\/\/www.terrassementeuro.com\/en\/wp-json\/wp\/v2\/types\/page"}],"author":[{"embeddable":true,"href":"https:\/\/www.terrassementeuro.com\/en\/wp-json\/wp\/v2\/users\/9"}],"replies":[{"embeddable":true,"href":"https:\/\/www.terrassementeuro.com\/en\/wp-json\/wp\/v2\/comments?post=6420"}],"version-history":[{"count":4,"href":"https:\/\/www.terrassementeuro.com\/en\/wp-json\/wp\/v2\/pages\/6420\/revisions"}],"predecessor-version":[{"id":6424,"href":"https:\/\/www.terrassementeuro.com\/en\/wp-json\/wp\/v2\/pages\/6420\/revisions\/6424"}],"wp:attachment":[{"href":"https:\/\/www.terrassementeuro.com\/en\/wp-json\/wp\/v2\/media?parent=6420"}],"curies":[{"name":"wp","href":"https:\/\/api.w.org\/{rel}","templated":true}]}}